{"id":23578,"date":"2024-07-31T19:20:10","date_gmt":"2024-07-31T19:20:10","guid":{"rendered":"https:\/\/arantruf.cl\/?post_type=product&#038;p=23578"},"modified":"2025-04-08T14:41:03","modified_gmt":"2025-04-08T14:41:03","slug":"compostera-bokashi-20-lt-6-lt-de-bokashi-organico","status":"publish","type":"product","link":"https:\/\/arantruf.cl\/en\/producto\/compostera-bokashi-20-lt-6-lt-de-bokashi-organico\/","title":{"rendered":"Compostera Bokashi 20 Lt + 6 Lt De Bokashi Org\u00e1nico"},"content":{"rendered":"<p><strong>Bokashi: (en japon\u00e9s: Materia org\u00e1nica fermentada)<\/strong> Es un abono org\u00e1nico s\u00f3lido, producto de un proceso de fermentaci\u00f3n (proceso aer\u00f3bico) que acelera la degradaci\u00f3n de la materia org\u00e1nica (animal y vegetal) y tambi\u00e9n eleva la temperatura, permitiendo la eliminaci\u00f3n de pat\u00f3genos (pasteurizaci\u00f3n).<\/p>\n<p>Este proceso es m\u00e1s acelerado que el compostaje y permite obtener un abono entre 20 y 30 d\u00edas. Tiene un nivel de aporte nutricional m\u00e1s r\u00e1pido que el Compost. Es perfecto para hortalizas y productos de ciclo corto. La otra virtud que tiene, es que aporta muchos microorganismos, hongos y bacterias ben\u00e9ficas para el suelo y la planta. Estos hongos solubilizan los nutrientes que hay en suelo, lo que permite que la planta asimile con mayor rapidez los nutrientes.<\/p>\n<p>Es un producto relativamente nuevo en Chile, se est\u00e1 haciendo cada vez m\u00e1s popular. La otra particularidad que tienes, es que acelera los procesos de compostaje. Los hongos y bacterias ayudan a descomponer la materia org\u00e1nica y a proteger al suelo y a las plantas de los ataques de pat\u00f3genos.<\/p>\n<p><strong>USOS<\/strong><br \/>\nMezclar con 2 o 3 partes de turba, tierra de hojas, tierra, etc.<br \/>\nAplicar 1 cucharada sopera a la Compostera Bokashi diariamente.<br \/>\nApto para composteras.<br \/>\nPack de 1 Compostera Bokashi de 20 litros m\u00e1s 2 unidades de Bokashi org\u00e1nico de 3 litros cada una.<br \/>\nBokashi premium del sur de Chile proveniente de campo org\u00e1nico.<br \/>\nProducto Presentaci\u00f3n bolsas de papel Kraft de 3lt (750 gr aprox).<br \/>\nSe puede comercializar tambi\u00e9n en sacos de 29 Lts.<\/p>\n<p>Queda excluido del despacho gratis regiones extremas, 1\u00b0, 2\u00b0,3\u00b0, 11\u00b0 y 12\u00b0 Avas regiones.<\/p>\n","protected":false},"excerpt":{"rendered":"<ul>\n<li>Pack de 1 Compostera Bokashi de 20 litros m\u00e1s 2 unidades de Bokashi org\u00e1nico de 3 litros cada una.<\/li>\n<li>Bokashi premium del sur de Chile proveniente de campo org\u00e1nico.<\/li>\n<li>Producto Presentaci\u00f3n bolsas de papel Kraft de 3lt (750 gr aprox).<\/li>\n<li>Se puede comercializar tambi\u00e9n en sacos de 29 Lts.<\/li>\n<\/ul>\n","protected":false},"featured_media":23579,"template":"","meta":[],"product_cat":[58],"product_tag":[],"class_list":{"0":"post-23578","1":"product","2":"type-product","3":"status-publish","4":"has-post-thumbnail","6":"product_cat-fertilizantes","8":"first","9":"outofstock","10":"shipping-taxable","11":"purchasable","12":"product-type-simple"},"_links":{"self":[{"href":"https:\/\/arantruf.cl\/en\/wp-json\/wp\/v2\/product\/23578"}],"collection":[{"href":"https:\/\/arantruf.cl\/en\/wp-json\/wp\/v2\/product"}],"about":[{"href":"https:\/\/arantruf.cl\/en\/wp-json\/wp\/v2\/types\/product"}],"wp:featuredmedia":[{"embeddable":true,"href":"https:\/\/arantruf.cl\/en\/wp-json\/wp\/v2\/media\/23579"}],"wp:attachment":[{"href":"https:\/\/arantruf.cl\/en\/wp-json\/wp\/v2\/media?parent=23578"}],"wp:term":[{"taxonomy":"product_cat","embeddable":true,"href":"https:\/\/arantruf.cl\/en\/wp-json\/wp\/v2\/product_cat?post=23578"},{"taxonomy":"product_tag","embeddable":true,"href":"https:\/\/arantruf.cl\/en\/wp-json\/wp\/v2\/product_tag?post=23578"}],"curies":[{"name":"wp","href":"https:\/\/api.w.org\/{rel}","templated":true}]}}