{"id":23488,"date":"2024-07-24T17:49:36","date_gmt":"2024-07-24T17:49:36","guid":{"rendered":"https:\/\/arantruf.cl\/?post_type=product&#038;p=23488"},"modified":"2025-04-08T14:41:18","modified_gmt":"2025-04-08T14:41:18","slug":"bokashi-3-lts","status":"publish","type":"product","link":"https:\/\/arantruf.cl\/en\/producto\/bokashi-3-lts\/","title":{"rendered":"Bokashi 3 Lts"},"content":{"rendered":"<p><strong>(en japon\u00e9s: Materia org\u00e1nica fermentada)<\/strong> Es un abono org\u00e1nico s\u00f3lido, producto de un proceso de fermentaci\u00f3n (proceso aer\u00f3bico ) que acelera la degradaci\u00f3n de la materia org\u00e1nica (animal y vegetal) y tambi\u00e9n eleva la temperatura, permitiendo la eliminaci\u00f3n de pat\u00f3genos (pasteurizaci\u00f3n).<br \/>\nEste proceso es m\u00e1s acelerado que el compostaje y permite obtener un abono entre 20 y 30 d\u00edas. Tiene un nivel de aporte nutricional m\u00e1s r\u00e1pido que el Compost. Es perfecto para hortalizas y productos de ciclo corto. La otra virtud que tiene, es que aporta muchos microrganismos, hongos y bacterias ben\u00e9ficas para el suelo y la planta. Estos hongos solubilizan los nutrientes que hay en suelo, lo que permite que la planta asimile con mayor rapidez los nutrientes.<\/p>\n<p>Es un producto relativamente nuevo en Chile, se est\u00e1 haciendo cada vez m\u00e1s popular. La otra particularidad que tienes, es que acelera los procesos de compostaje. Los hongos y bacterias ayudan a descomponer la materia org\u00e1nica y a proteger al suelo y a las plantas de los ataques de pat\u00f3genos.<\/p>\n<p><strong>USOS<\/strong><br \/>\nMezclar con 2 o 3 partes de turba, tierra de hojas, tierra, etc.<br \/>\nAplicar 1 cucharada sopera a la bokashera diariamente.<br \/>\nApto para composteras.<br \/>\nPresentaci\u00f3n bolsas de papel Kraft de 3lt(750 gr aprox).<br \/>\nSe puede comercializar tambi\u00e9n en sacos de 29 Lts.<\/p>\n","protected":false},"excerpt":{"rendered":"<ul>\n<li>3L.<\/li>\n<li>Aporta muchos microrganismos, hongos y bacterias ben\u00e9ficas para el suelo y la planta.<\/li>\n<li>Permite que la planta asimile m\u00e1s r\u00e1pido los nutrientes.<\/li>\n<li>Resultado de la econom\u00eda circular.<\/li>\n<\/ul>\n<p><em><strong>*Se pueden trabajar formatos m\u00e1s grandes.<\/strong><\/em><\/p>\n","protected":false},"featured_media":23489,"template":"","meta":[],"product_cat":[58],"product_tag":[],"class_list":{"0":"post-23488","1":"product","2":"type-product","3":"status-publish","4":"has-post-thumbnail","6":"product_cat-fertilizantes","8":"first","9":"outofstock","10":"shipping-taxable","11":"purchasable","12":"product-type-simple"},"_links":{"self":[{"href":"https:\/\/arantruf.cl\/en\/wp-json\/wp\/v2\/product\/23488"}],"collection":[{"href":"https:\/\/arantruf.cl\/en\/wp-json\/wp\/v2\/product"}],"about":[{"href":"https:\/\/arantruf.cl\/en\/wp-json\/wp\/v2\/types\/product"}],"wp:featuredmedia":[{"embeddable":true,"href":"https:\/\/arantruf.cl\/en\/wp-json\/wp\/v2\/media\/23489"}],"wp:attachment":[{"href":"https:\/\/arantruf.cl\/en\/wp-json\/wp\/v2\/media?parent=23488"}],"wp:term":[{"taxonomy":"product_cat","embeddable":true,"href":"https:\/\/arantruf.cl\/en\/wp-json\/wp\/v2\/product_cat?post=23488"},{"taxonomy":"product_tag","embeddable":true,"href":"https:\/\/arantruf.cl\/en\/wp-json\/wp\/v2\/product_tag?post=23488"}],"curies":[{"name":"wp","href":"https:\/\/api.w.org\/{rel}","templated":true}]}}