{"id":23484,"date":"2024-07-24T17:47:01","date_gmt":"2024-07-24T17:47:01","guid":{"rendered":"https:\/\/arantruf.cl\/?post_type=product&#038;p=23484"},"modified":"2025-04-08T14:41:25","modified_gmt":"2025-04-08T14:41:25","slug":"polvo-topinanbur-200grs","status":"publish","type":"product","link":"https:\/\/arantruf.cl\/en\/producto\/polvo-topinanbur-200grs\/","title":{"rendered":"Polvo de Topinanbur 200Grs"},"content":{"rendered":"<p>El polvo de Topinambur tiene altos niveles de Inulina. La Inulina se considera un Prebi\u00f3tico. Los Prebi\u00f3ticos se metabolizan en el Colon. Al metabolizarse en el Colon los nutrientes no entran al torrente sangu\u00edneo, eso significa que pueden ser consumido por diab\u00e9ticos. Por ej. es libre de Gluten, por lo que ser\u00eda apto para Celiacos. Tiene pocos Carbohidratos. Aporta energ\u00eda y aumenta el poder inmune del organismo.<\/p>\n<p><strong>Beneficios:<\/strong> Ayuda a contener el az\u00facar en sangre y colesterol. Tiene mucha fibra, lo que ayuda a evitar el estre\u00f1imiento. Es alto en Potasio, sirve para personas con presi\u00f3n alta.<\/p>\n<p><a href=\"https:\/\/www.bonviveur.es\/gastroteca\/topinambur-unalimento-ancestral-para-sanar-y-degustar\" target=\"_blank\" rel=\"noopener\">https:\/\/www.bonviveur.es\/gastroteca\/topinambur-unalimento-ancestral-para-sanar-y-degustar<\/a><\/p>\n<p>Alimento funcional.<br \/>\nProducto certificado Org\u00e1nico por Ecocert<br \/>\nPresentaci\u00f3n bolsa Doypac 200 gr.<br \/>\nSe recomienda consumir 15gr diarios (2 cucharaditas).<br \/>\nEnvase Biodegradable.<\/p>\n","protected":false},"excerpt":{"rendered":"<ul>\n<li>200g.<\/li>\n<li>100% topinambur.<\/li>\n<li>Superalimento.<\/li>\n<li>Prebi\u00f3tico.<\/li>\n<li>Cuenta con altos niveles de inulina.<\/li>\n<\/ul>\n","protected":false},"featured_media":23486,"template":"","meta":[],"product_cat":[57],"product_tag":[],"class_list":{"0":"post-23484","1":"product","2":"type-product","3":"status-publish","4":"has-post-thumbnail","6":"product_cat-alimentos","8":"first","9":"outofstock","10":"shipping-taxable","11":"purchasable","12":"product-type-simple"},"_links":{"self":[{"href":"https:\/\/arantruf.cl\/en\/wp-json\/wp\/v2\/product\/23484"}],"collection":[{"href":"https:\/\/arantruf.cl\/en\/wp-json\/wp\/v2\/product"}],"about":[{"href":"https:\/\/arantruf.cl\/en\/wp-json\/wp\/v2\/types\/product"}],"wp:featuredmedia":[{"embeddable":true,"href":"https:\/\/arantruf.cl\/en\/wp-json\/wp\/v2\/media\/23486"}],"wp:attachment":[{"href":"https:\/\/arantruf.cl\/en\/wp-json\/wp\/v2\/media?parent=23484"}],"wp:term":[{"taxonomy":"product_cat","embeddable":true,"href":"https:\/\/arantruf.cl\/en\/wp-json\/wp\/v2\/product_cat?post=23484"},{"taxonomy":"product_tag","embeddable":true,"href":"https:\/\/arantruf.cl\/en\/wp-json\/wp\/v2\/product_tag?post=23484"}],"curies":[{"name":"wp","href":"https:\/\/api.w.org\/{rel}","templated":true}]}}