{"id":23480,"date":"2024-07-24T16:52:39","date_gmt":"2024-07-24T16:52:39","guid":{"rendered":"https:\/\/arantruf.cl\/?post_type=product&#038;p=23480"},"modified":"2025-04-08T14:41:34","modified_gmt":"2025-04-08T14:41:34","slug":"polvo-arandanos-fermentados-100grs","status":"publish","type":"product","link":"https:\/\/arantruf.cl\/en\/producto\/polvo-arandanos-fermentados-100grs\/","title":{"rendered":"Polvo de Ar\u00e1ndanos Fermentados 100Grs"},"content":{"rendered":"<p>Este producto forma parte tambi\u00e9n de la Econom\u00eda Circular. Es el resultado del prensado de ar\u00e1ndanos para vinagre. El Orujo se seca a bajas temperaturas y despu\u00e9s se muele para transformar en polvo fino. Tiene muy altos niveles de Antioxidantes y Polifenoles. Es bajo en az\u00facar, lo que lo hace apto para diab\u00e9ticos . Puede disminuir dr\u00e1sticamente el colesterol, sobre el 60%. Otro aporte importante es que genera energ\u00eda al cuerpo humano. Podr\u00eda tener un gran aporte entre deportistas de alto rendimiento.<\/p>\n<p><a href=\"https:\/\/as.com\/deporteyvida\/2019\/07\/24\/portada\/1563965366_488741.html\" target=\"_blank\" rel=\"noopener\">https:\/\/as.com\/deporteyvida\/2019\/07\/24\/portada\/1563965366_488741.html<\/a><\/p>\n<p><strong>Dosis:<\/strong> 2,5 gr diarios.<br \/>\nPresentaci\u00f3n, envase Doypac de 100 gr.<br \/>\nCertificado Org\u00e1nico por Ecocert .<br \/>\nEnvase Biodegradable.<\/p>\n","protected":false},"excerpt":{"rendered":"<ul>\n<li>100g.<\/li>\n<li>Superalimento.<\/li>\n<li>Rico en antioxidantes y polifenoles.<\/li>\n<li>El orujo se obtiene del prensado de ar\u00e1ndanos para vinagre, se seca a bajas temperaturas para luego ser transformado en polvo.<\/li>\n<\/ul>\n","protected":false},"featured_media":23482,"template":"","meta":[],"product_cat":[57],"product_tag":[],"class_list":{"0":"post-23480","1":"product","2":"type-product","3":"status-publish","4":"has-post-thumbnail","6":"product_cat-alimentos","8":"first","9":"outofstock","10":"shipping-taxable","11":"purchasable","12":"product-type-simple"},"_links":{"self":[{"href":"https:\/\/arantruf.cl\/en\/wp-json\/wp\/v2\/product\/23480"}],"collection":[{"href":"https:\/\/arantruf.cl\/en\/wp-json\/wp\/v2\/product"}],"about":[{"href":"https:\/\/arantruf.cl\/en\/wp-json\/wp\/v2\/types\/product"}],"wp:featuredmedia":[{"embeddable":true,"href":"https:\/\/arantruf.cl\/en\/wp-json\/wp\/v2\/media\/23482"}],"wp:attachment":[{"href":"https:\/\/arantruf.cl\/en\/wp-json\/wp\/v2\/media?parent=23480"}],"wp:term":[{"taxonomy":"product_cat","embeddable":true,"href":"https:\/\/arantruf.cl\/en\/wp-json\/wp\/v2\/product_cat?post=23480"},{"taxonomy":"product_tag","embeddable":true,"href":"https:\/\/arantruf.cl\/en\/wp-json\/wp\/v2\/product_tag?post=23480"}],"curies":[{"name":"wp","href":"https:\/\/api.w.org\/{rel}","templated":true}]}}