{"id":23466,"date":"2024-07-24T16:33:35","date_gmt":"2024-07-24T16:33:35","guid":{"rendered":"https:\/\/arantruf.cl\/?post_type=product&#038;p=23466"},"modified":"2025-04-08T14:41:54","modified_gmt":"2025-04-08T14:41:54","slug":"vinagre-arandanos-380cc","status":"publish","type":"product","link":"https:\/\/arantruf.cl\/en\/producto\/vinagre-arandanos-380cc\/","title":{"rendered":"Vinagre de Ar\u00e1ndanos 380cc"},"content":{"rendered":"<p>Hecho de forma artesanal con fermentaci\u00f3n et\u00edlica por su propia madre. No est\u00e1 esterilizado ni pasteurizado. Es 100% jugo de ar\u00e1ndanos. No est\u00e1 diluido. La fruta es toda producida y elaborada por nosotros en nuestro propio huerto.<\/p>\n<p>Apto para dietas Keto , Celiacos y Diab\u00e9ticos. Libre de Colesterol. Sin grasa. La principal cualidad que tendr\u00eda este vinagre, seg\u00fan cient\u00edficos coreanos, es que podr\u00eda ayudar a recuperar la Memoria de corto plazo y tal vez podr\u00eda ayudar con la demencia y el Alzheimer. Se descubri\u00f3 que el vinagre de ar\u00e1ndanos evita la destrucci\u00f3n de la Acetilcolina . La p\u00e9rdida de Acetilcolina en el cerebro esta asociada a la memoria, demencia y Alzehimer .<\/p>\n<p><strong>En los sgtes link se puede encontrar informaci\u00f3n:<\/strong><\/p>\n<ul>\n<li><a href=\"https:\/\/www.medicalnewstoday.com\/articles\/320413\" target=\"_blank\" rel=\"noopener\">https:\/\/www.medicalnewstoday.com\/articles\/320413<\/a><\/li>\n<li><a href=\"https:\/\/www.dailymail.co.uk\/health\/article-5205287\/This-ONE-saladdressing-help-fight-dementia.html\" target=\"_blank\" rel=\"noopener\">https:\/\/www.dailymail.co.uk\/health\/article-5205287\/This-ONE-saladdressing-help-fight-dementia.html<\/a><\/li>\n<\/ul>\n<p>Alimento Funcional .<br \/>\nProducto certificado Org\u00e1nico por Ecocert .<br \/>\nPresentaci\u00f3n botella de vidrio de 380 cc.<\/p>\n","protected":false},"excerpt":{"rendered":"<ul>\n<li>380 cc.<\/li>\n<li>Superalimento.<\/li>\n<li>100% jugo de ar\u00e1ndanos.<\/li>\n<li>No diluido.<\/li>\n<li>No est\u00e1 esterilizado ni pasteurizado.<\/li>\n<li>Hecho de forma artesanal con fermentaci\u00f3n et\u00edlica por su propia madre.<\/li>\n<\/ul>\n","protected":false},"featured_media":23559,"template":"","meta":[],"product_cat":[57],"product_tag":[],"class_list":{"0":"post-23466","1":"product","2":"type-product","3":"status-publish","4":"has-post-thumbnail","6":"product_cat-alimentos","8":"first","9":"outofstock","10":"shipping-taxable","11":"purchasable","12":"product-type-simple"},"_links":{"self":[{"href":"https:\/\/arantruf.cl\/en\/wp-json\/wp\/v2\/product\/23466"}],"collection":[{"href":"https:\/\/arantruf.cl\/en\/wp-json\/wp\/v2\/product"}],"about":[{"href":"https:\/\/arantruf.cl\/en\/wp-json\/wp\/v2\/types\/product"}],"wp:featuredmedia":[{"embeddable":true,"href":"https:\/\/arantruf.cl\/en\/wp-json\/wp\/v2\/media\/23559"}],"wp:attachment":[{"href":"https:\/\/arantruf.cl\/en\/wp-json\/wp\/v2\/media?parent=23466"}],"wp:term":[{"taxonomy":"product_cat","embeddable":true,"href":"https:\/\/arantruf.cl\/en\/wp-json\/wp\/v2\/product_cat?post=23466"},{"taxonomy":"product_tag","embeddable":true,"href":"https:\/\/arantruf.cl\/en\/wp-json\/wp\/v2\/product_tag?post=23466"}],"curies":[{"name":"wp","href":"https:\/\/api.w.org\/{rel}","templated":true}]}}